{"id":10563,"date":"2020-02-12T13:11:38","date_gmt":"2020-02-12T12:11:38","guid":{"rendered":"https:\/\/dyvigbro.dk\/kontakt\/"},"modified":"2026-01-03T17:57:51","modified_gmt":"2026-01-03T16:57:51","slug":"kontakt","status":"publish","type":"page","link":"https:\/\/dyvigbro.dk\/de\/kontakt\/","title":{"rendered":"Kontakt"},"content":{"rendered":"\t\t<div data-elementor-type=\"wp-page\" data-elementor-id=\"10563\" class=\"elementor elementor-10563 elementor-61\" data-elementor-post-type=\"page\">\n\t\t\t\t<div class=\"elementor-element elementor-element-ef5e2b6 white e-flex e-con-boxed e-con e-parent\" data-id=\"ef5e2b6\" data-element_type=\"container\" data-settings=\"{&quot;background_background&quot;:&quot;classic&quot;}\">\n\t\t\t\t\t<div class=\"e-con-inner\">\n\t\t<div class=\"elementor-element elementor-element-0fd39e4 e-con-full e-flex e-con e-child\" data-id=\"0fd39e4\" data-element_type=\"container\">\n\t\t<div class=\"elementor-element elementor-element-df65667 e-con-full e-flex e-con e-child\" data-id=\"df65667\" data-element_type=\"container\">\n\t\t\t\t<div class=\"elementor-element elementor-element-edb2f07 elementor-widget elementor-widget-rating\" data-id=\"edb2f07\" data-element_type=\"widget\" data-widget_type=\"rating.default\">\n\t\t\t\t<div class=\"elementor-widget-container\">\n\t\t\t\t\t\t\t<div class=\"e-rating\" itemtype=\"https:\/\/schema.org\/Rating\" itemscope=\"\" itemprop=\"reviewRating\">\n\t\t\t<meta itemprop=\"worstRating\" content=\"0\">\n\t\t\t<meta itemprop=\"bestRating\" content=\"5\">\n\t\t\t<div class=\"e-rating-wrapper\" itemprop=\"ratingValue\" content=\"4.5\" role=\"img\" aria-label=\"Bewertet mit 4.5 von 5\">\n\t\t\t\t\t\t\t<div class=\"e-icon\">\n\t\t\t\t<div class=\"e-icon-wrapper e-icon-marked\">\n\t\t\t\t\t<svg aria-hidden=\"true\" class=\"e-font-icon-svg e-eicon-star\" viewBox=\"0 0 1000 1000\" xmlns=\"http:\/\/www.w3.org\/2000\/svg\"><path d=\"M450 75L338 312 88 350C46 354 25 417 58 450L238 633 196 896C188 942 238 975 275 954L500 837 725 954C767 975 813 942 804 896L763 633 942 450C975 417 954 358 913 350L663 312 550 75C529 33 471 33 450 75Z\"><\/path><\/svg>\t\t\t\t<\/div>\n\t\t\t\t<div class=\"e-icon-wrapper e-icon-unmarked\">\n\t\t\t\t\t<svg aria-hidden=\"true\" class=\"e-font-icon-svg e-eicon-star\" viewBox=\"0 0 1000 1000\" xmlns=\"http:\/\/www.w3.org\/2000\/svg\"><path d=\"M450 75L338 312 88 350C46 354 25 417 58 450L238 633 196 896C188 942 238 975 275 954L500 837 725 954C767 975 813 942 804 896L763 633 942 450C975 417 954 358 913 350L663 312 550 75C529 33 471 33 450 75Z\"><\/path><\/svg>\t\t\t\t<\/div>\n\t\t\t<\/div>\n\t\t\t\t\t\t<div class=\"e-icon\">\n\t\t\t\t<div class=\"e-icon-wrapper e-icon-marked\">\n\t\t\t\t\t<svg aria-hidden=\"true\" class=\"e-font-icon-svg e-eicon-star\" viewBox=\"0 0 1000 1000\" xmlns=\"http:\/\/www.w3.org\/2000\/svg\"><path d=\"M450 75L338 312 88 350C46 354 25 417 58 450L238 633 196 896C188 942 238 975 275 954L500 837 725 954C767 975 813 942 804 896L763 633 942 450C975 417 954 358 913 350L663 312 550 75C529 33 471 33 450 75Z\"><\/path><\/svg>\t\t\t\t<\/div>\n\t\t\t\t<div class=\"e-icon-wrapper e-icon-unmarked\">\n\t\t\t\t\t<svg aria-hidden=\"true\" class=\"e-font-icon-svg e-eicon-star\" viewBox=\"0 0 1000 1000\" xmlns=\"http:\/\/www.w3.org\/2000\/svg\"><path d=\"M450 75L338 312 88 350C46 354 25 417 58 450L238 633 196 896C188 942 238 975 275 954L500 837 725 954C767 975 813 942 804 896L763 633 942 450C975 417 954 358 913 350L663 312 550 75C529 33 471 33 450 75Z\"><\/path><\/svg>\t\t\t\t<\/div>\n\t\t\t<\/div>\n\t\t\t\t\t\t<div class=\"e-icon\">\n\t\t\t\t<div class=\"e-icon-wrapper e-icon-marked\">\n\t\t\t\t\t<svg aria-hidden=\"true\" class=\"e-font-icon-svg e-eicon-star\" viewBox=\"0 0 1000 1000\" xmlns=\"http:\/\/www.w3.org\/2000\/svg\"><path d=\"M450 75L338 312 88 350C46 354 25 417 58 450L238 633 196 896C188 942 238 975 275 954L500 837 725 954C767 975 813 942 804 896L763 633 942 450C975 417 954 358 913 350L663 312 550 75C529 33 471 33 450 75Z\"><\/path><\/svg>\t\t\t\t<\/div>\n\t\t\t\t<div class=\"e-icon-wrapper e-icon-unmarked\">\n\t\t\t\t\t<svg aria-hidden=\"true\" class=\"e-font-icon-svg e-eicon-star\" viewBox=\"0 0 1000 1000\" xmlns=\"http:\/\/www.w3.org\/2000\/svg\"><path d=\"M450 75L338 312 88 350C46 354 25 417 58 450L238 633 196 896C188 942 238 975 275 954L500 837 725 954C767 975 813 942 804 896L763 633 942 450C975 417 954 358 913 350L663 312 550 75C529 33 471 33 450 75Z\"><\/path><\/svg>\t\t\t\t<\/div>\n\t\t\t<\/div>\n\t\t\t\t\t\t<div class=\"e-icon\">\n\t\t\t\t<div class=\"e-icon-wrapper e-icon-marked\">\n\t\t\t\t\t<svg aria-hidden=\"true\" class=\"e-font-icon-svg e-eicon-star\" viewBox=\"0 0 1000 1000\" xmlns=\"http:\/\/www.w3.org\/2000\/svg\"><path d=\"M450 75L338 312 88 350C46 354 25 417 58 450L238 633 196 896C188 942 238 975 275 954L500 837 725 954C767 975 813 942 804 896L763 633 942 450C975 417 954 358 913 350L663 312 550 75C529 33 471 33 450 75Z\"><\/path><\/svg>\t\t\t\t<\/div>\n\t\t\t\t<div class=\"e-icon-wrapper e-icon-unmarked\">\n\t\t\t\t\t<svg aria-hidden=\"true\" class=\"e-font-icon-svg e-eicon-star\" viewBox=\"0 0 1000 1000\" xmlns=\"http:\/\/www.w3.org\/2000\/svg\"><path d=\"M450 75L338 312 88 350C46 354 25 417 58 450L238 633 196 896C188 942 238 975 275 954L500 837 725 954C767 975 813 942 804 896L763 633 942 450C975 417 954 358 913 350L663 312 550 75C529 33 471 33 450 75Z\"><\/path><\/svg>\t\t\t\t<\/div>\n\t\t\t<\/div>\n\t\t\t\t\t\t<div class=\"e-icon\">\n\t\t\t\t<div class=\"e-icon-wrapper e-icon-marked\" style=\"--e-rating-icon-marked-width: 50%;\">\n\t\t\t\t\t<svg aria-hidden=\"true\" class=\"e-font-icon-svg e-eicon-star\" viewBox=\"0 0 1000 1000\" xmlns=\"http:\/\/www.w3.org\/2000\/svg\"><path d=\"M450 75L338 312 88 350C46 354 25 417 58 450L238 633 196 896C188 942 238 975 275 954L500 837 725 954C767 975 813 942 804 896L763 633 942 450C975 417 954 358 913 350L663 312 550 75C529 33 471 33 450 75Z\"><\/path><\/svg>\t\t\t\t<\/div>\n\t\t\t\t<div class=\"e-icon-wrapper e-icon-unmarked\">\n\t\t\t\t\t<svg aria-hidden=\"true\" class=\"e-font-icon-svg e-eicon-star\" viewBox=\"0 0 1000 1000\" xmlns=\"http:\/\/www.w3.org\/2000\/svg\"><path d=\"M450 75L338 312 88 350C46 354 25 417 58 450L238 633 196 896C188 942 238 975 275 954L500 837 725 954C767 975 813 942 804 896L763 633 942 450C975 417 954 358 913 350L663 312 550 75C529 33 471 33 450 75Z\"><\/path><\/svg>\t\t\t\t<\/div>\n\t\t\t<\/div>\n\t\t\t\t\t\t<\/div>\n\t\t<\/div>\n\t\t\t\t\t\t<\/div>\n\t\t\t\t<\/div>\n\t\t\t\t<div class=\"elementor-element elementor-element-acdec73 elementor-widget elementor-widget-text-editor\" data-id=\"acdec73\" data-element_type=\"widget\" data-widget_type=\"text-editor.default\">\n\t\t\t\t<div class=\"elementor-widget-container\">\n\t\t\t\t\t\t\t\t\t<p>Auf Facebook mit 4,5 von 5 Sternen bewertet.<\/p>\t\t\t\t\t\t\t\t<\/div>\n\t\t\t\t<\/div>\n\t\t\t\t<\/div>\n\t\t\t\t<div class=\"elementor-element elementor-element-9cf651b prehead elementor-widget elementor-widget-text-editor\" data-id=\"9cf651b\" data-element_type=\"widget\" data-widget_type=\"text-editor.default\">\n\t\t\t\t<div class=\"elementor-widget-container\">\n\t\t\t\t\t\t\t\t\t<p>Willkommen bei  Dyvig Bro<\/p>\t\t\t\t\t\t\t\t<\/div>\n\t\t\t\t<\/div>\n\t\t\t\t<div class=\"elementor-element elementor-element-b05c841 elementor-widget elementor-widget-text-editor\" data-id=\"b05c841\" data-element_type=\"widget\" data-widget_type=\"text-editor.default\">\n\t\t\t\t<div class=\"elementor-widget-container\">\n\t\t\t\t\t\t\t\t\t<h1>Kontaktieren Sie Dyvig Bridge<\/h1>\t\t\t\t\t\t\t\t<\/div>\n\t\t\t\t<\/div>\n\t\t\t\t<\/div>\n\t\t\t\t\t<\/div>\n\t\t\t\t<\/div>\n\t\t<div class=\"elementor-element elementor-element-1953845 e-flex e-con-boxed e-con e-parent\" data-id=\"1953845\" data-element_type=\"container\">\n\t\t\t\t\t<div class=\"e-con-inner\">\n\t\t<div class=\"elementor-element elementor-element-4ec5917b e-con-full no-padding e-flex e-con e-child\" data-id=\"4ec5917b\" data-element_type=\"container\">\n\t\t<div class=\"elementor-element elementor-element-83427b8 e-con-full e-flex e-con e-child\" data-id=\"83427b8\" data-element_type=\"container\">\n\t\t<div class=\"elementor-element elementor-element-2dc120c1 e-con-full e-flex e-con e-child\" data-id=\"2dc120c1\" data-element_type=\"container\">\n\t\t\t\t<div class=\"elementor-element elementor-element-30f49220 prehead elementor-widget elementor-widget-text-editor\" data-id=\"30f49220\" data-element_type=\"widget\" data-widget_type=\"text-editor.default\">\n\t\t\t\t<div class=\"elementor-widget-container\">\n\t\t\t\t\t\t\t\t\t<p>Wir freuen uns darauf, von Ihnen zu h\u00f6ren.<\/p>\t\t\t\t\t\t\t\t<\/div>\n\t\t\t\t<\/div>\n\t\t\t\t<div class=\"elementor-element elementor-element-2151a639 elementor-widget elementor-widget-heading\" data-id=\"2151a639\" data-element_type=\"widget\" data-widget_type=\"heading.default\">\n\t\t\t\t<div class=\"elementor-widget-container\">\n\t\t\t\t\t<h2 class=\"elementor-heading-title elementor-size-default\">Kontaktieren Sie uns noch heute.<\/h2>\t\t\t\t<\/div>\n\t\t\t\t<\/div>\n\t\t\t\t<div class=\"elementor-element elementor-element-6f1cbf02 elementor-widget elementor-widget-text-editor\" data-id=\"6f1cbf02\" data-element_type=\"widget\" data-widget_type=\"text-editor.default\">\n\t\t\t\t<div class=\"elementor-widget-container\">\n\t\t\t\t\t\t\t\t\t<p>Haben Sie Fragen, ben\u00f6tigen Sie Hilfe \u2013 oder m\u00f6chten Sie einfach mehr \u00fcber das Leben im Hafen erfahren?<br data-start=\"468\" data-end=\"471\">Sie k\u00f6nnen uns also jederzeit gerne kontaktieren. Wir helfen Ihnen gerne bei allem, von Bootsliegepl\u00e4tzen und -einrichtungen bis hin zu Erlebnissen in der Region.<\/p>\t\t\t\t\t\t\t\t<\/div>\n\t\t\t\t<\/div>\n\t\t\t\t<\/div>\n\t\t\t\t<div class=\"elementor-element elementor-element-4a4a4432 elementor-widget-divider--view-line elementor-widget elementor-widget-divider\" data-id=\"4a4a4432\" data-element_type=\"widget\" data-widget_type=\"divider.default\">\n\t\t\t\t<div class=\"elementor-widget-container\">\n\t\t\t\t\t\t\t<div class=\"elementor-divider\">\n\t\t\t<span class=\"elementor-divider-separator\">\n\t\t\t\t\t\t<\/span>\n\t\t<\/div>\n\t\t\t\t\t\t<\/div>\n\t\t\t\t<\/div>\n\t\t<div class=\"elementor-element elementor-element-b87aa58 e-con-full e-flex e-con e-child\" data-id=\"b87aa58\" data-element_type=\"container\">\n\t\t\t\t<div class=\"elementor-element elementor-element-160653c elementor-position-left elementor-widget__width-initial elementor-mobile-position-left elementor-widget-laptop__width-inherit elementor-view-default elementor-widget elementor-widget-icon-box\" data-id=\"160653c\" data-element_type=\"widget\" data-widget_type=\"icon-box.default\">\n\t\t\t\t<div class=\"elementor-widget-container\">\n\t\t\t\t\t\t\t<div class=\"elementor-icon-box-wrapper\">\n\n\t\t\t\t\t\t<div class=\"elementor-icon-box-icon\">\n\t\t\t\t<span  class=\"elementor-icon\">\n\t\t\t\t<svg aria-hidden=\"true\" class=\"e-font-icon-svg e-fas-map-marker-alt\" viewBox=\"0 0 384 512\" xmlns=\"http:\/\/www.w3.org\/2000\/svg\"><path d=\"M172.268 501.67C26.97 291.031 0 269.413 0 192 0 85.961 85.961 0 192 0s192 85.961 192 192c0 77.413-26.97 99.031-172.268 309.67-9.535 13.774-29.93 13.773-39.464 0zM192 272c44.183 0 80-35.817 80-80s-35.817-80-80-80-80 35.817-80 80 35.817 80 80 80z\"><\/path><\/svg>\t\t\t\t<\/span>\n\t\t\t<\/div>\n\t\t\t\n\t\t\t\t\t\t<div class=\"elementor-icon-box-content\">\n\n\t\t\t\t\t\t\t\t\t<p class=\"elementor-icon-box-title\">\n\t\t\t\t\t\t<span  >\n\t\t\t\t\t\t\t<a href=\"https:\/\/www.google.com\/maps\/place\/Holmgade 39, 6430 Nordborg\" target=\"_blank\" aria-label=\"Adresse\">Holmgade 39, 6430 Nordborg<\/a>\t\t\t\t\t\t<\/span>\n\t\t\t\t\t<\/p>\n\t\t\t\t\n\t\t\t\t\n\t\t\t<\/div>\n\t\t\t\n\t\t<\/div>\n\t\t\t\t\t\t<\/div>\n\t\t\t\t<\/div>\n\t\t\t\t<div class=\"elementor-element elementor-element-6a7bf7b9 elementor-position-left elementor-widget__width-initial elementor-mobile-position-left elementor-widget-laptop__width-inherit elementor-view-default elementor-widget elementor-widget-icon-box\" data-id=\"6a7bf7b9\" data-element_type=\"widget\" data-widget_type=\"icon-box.default\">\n\t\t\t\t<div class=\"elementor-widget-container\">\n\t\t\t\t\t\t\t<div class=\"elementor-icon-box-wrapper\">\n\n\t\t\t\t\t\t<div class=\"elementor-icon-box-icon\">\n\t\t\t\t<span  class=\"elementor-icon\">\n\t\t\t\t<svg aria-hidden=\"true\" class=\"e-font-icon-svg e-fas-info-circle\" viewBox=\"0 0 512 512\" xmlns=\"http:\/\/www.w3.org\/2000\/svg\"><path d=\"M256 8C119.043 8 8 119.083 8 256c0 136.997 111.043 248 248 248s248-111.003 248-248C504 119.083 392.957 8 256 8zm0 110c23.196 0 42 18.804 42 42s-18.804 42-42 42-42-18.804-42-42 18.804-42 42-42zm56 254c0 6.627-5.373 12-12 12h-88c-6.627 0-12-5.373-12-12v-24c0-6.627 5.373-12 12-12h12v-64h-12c-6.627 0-12-5.373-12-12v-24c0-6.627 5.373-12 12-12h64c6.627 0 12 5.373 12 12v100h12c6.627 0 12 5.373 12 12v24z\"><\/path><\/svg>\t\t\t\t<\/span>\n\t\t\t<\/div>\n\t\t\t\n\t\t\t\t\t\t<div class=\"elementor-icon-box-content\">\n\n\t\t\t\t\t\t\t\t\t<p class=\"elementor-icon-box-title\">\n\t\t\t\t\t\t<span  >\n\t\t\t\t\t\t\tCVR:  27916732\t\t\t\t\t\t<\/span>\n\t\t\t\t\t<\/p>\n\t\t\t\t\n\t\t\t\t\n\t\t\t<\/div>\n\t\t\t\n\t\t<\/div>\n\t\t\t\t\t\t<\/div>\n\t\t\t\t<\/div>\n\t\t\t\t<div class=\"elementor-element elementor-element-97312b1 elementor-position-left elementor-widget__width-initial elementor-mobile-position-left elementor-widget-laptop__width-inherit elementor-view-default elementor-widget elementor-widget-icon-box\" data-id=\"97312b1\" data-element_type=\"widget\" data-widget_type=\"icon-box.default\">\n\t\t\t\t<div class=\"elementor-widget-container\">\n\t\t\t\t\t\t\t<div class=\"elementor-icon-box-wrapper\">\n\n\t\t\t\t\t\t<div class=\"elementor-icon-box-icon\">\n\t\t\t\t<span  class=\"elementor-icon\">\n\t\t\t\t<svg aria-hidden=\"true\" class=\"e-font-icon-svg e-fas-phone-alt\" viewBox=\"0 0 512 512\" xmlns=\"http:\/\/www.w3.org\/2000\/svg\"><path d=\"M497.39 361.8l-112-48a24 24 0 0 0-28 6.9l-49.6 60.6A370.66 370.66 0 0 1 130.6 204.11l60.6-49.6a23.94 23.94 0 0 0 6.9-28l-48-112A24.16 24.16 0 0 0 122.6.61l-104 24A24 24 0 0 0 0 48c0 256.5 207.9 464 464 464a24 24 0 0 0 23.4-18.6l24-104a24.29 24.29 0 0 0-14.01-27.6z\"><\/path><\/svg>\t\t\t\t<\/span>\n\t\t\t<\/div>\n\t\t\t\n\t\t\t\t\t\t<div class=\"elementor-icon-box-content\">\n\n\t\t\t\t\t\t\t\t\t<p class=\"elementor-icon-box-title\">\n\t\t\t\t\t\t<span  >\n\t\t\t\t\t\t\tAnruf  <a href=\"tel:+45 21 49 00 81\" aria-label=\"Telefon nummer\">+45 21 49 00 81<\/a>\t\t\t\t\t\t<\/span>\n\t\t\t\t\t<\/p>\n\t\t\t\t\n\t\t\t\t\n\t\t\t<\/div>\n\t\t\t\n\t\t<\/div>\n\t\t\t\t\t\t<\/div>\n\t\t\t\t<\/div>\n\t\t\t\t<div class=\"elementor-element elementor-element-25902eb9 elementor-position-left elementor-widget__width-initial elementor-mobile-position-left elementor-widget-laptop__width-inherit elementor-view-default elementor-widget elementor-widget-icon-box\" data-id=\"25902eb9\" data-element_type=\"widget\" data-widget_type=\"icon-box.default\">\n\t\t\t\t<div class=\"elementor-widget-container\">\n\t\t\t\t\t\t\t<div class=\"elementor-icon-box-wrapper\">\n\n\t\t\t\t\t\t<div class=\"elementor-icon-box-icon\">\n\t\t\t\t<span  class=\"elementor-icon\">\n\t\t\t\t<svg aria-hidden=\"true\" class=\"e-font-icon-svg e-fas-envelope\" viewBox=\"0 0 512 512\" xmlns=\"http:\/\/www.w3.org\/2000\/svg\"><path d=\"M502.3 190.8c3.9-3.1 9.7-.2 9.7 4.7V400c0 26.5-21.5 48-48 48H48c-26.5 0-48-21.5-48-48V195.6c0-5 5.7-7.8 9.7-4.7 22.4 17.4 52.1 39.5 154.1 113.6 21.1 15.4 56.7 47.8 92.2 47.6 35.7.3 72-32.8 92.3-47.6 102-74.1 131.6-96.3 154-113.7zM256 320c23.2.4 56.6-29.2 73.4-41.4 132.7-96.3 142.8-104.7 173.4-128.7 5.8-4.5 9.2-11.5 9.2-18.9v-19c0-26.5-21.5-48-48-48H48C21.5 64 0 85.5 0 112v19c0 7.4 3.4 14.3 9.2 18.9 30.6 23.9 40.7 32.4 173.4 128.7 16.8 12.2 50.2 41.8 73.4 41.4z\"><\/path><\/svg>\t\t\t\t<\/span>\n\t\t\t<\/div>\n\t\t\t\n\t\t\t\t\t\t<div class=\"elementor-icon-box-content\">\n\n\t\t\t\t\t\t\t\t\t<p class=\"elementor-icon-box-title\">\n\t\t\t\t\t\t<span  >\n\t\t\t\t\t\t\t<a href=\"mailto:bent@dyvigbro.dk\" aria-label=\"Email adresse\">bent@dyvigbro.dk<\/a>\t\t\t\t\t\t<\/span>\n\t\t\t\t\t<\/p>\n\t\t\t\t\n\t\t\t\t\n\t\t\t<\/div>\n\t\t\t\n\t\t<\/div>\n\t\t\t\t\t\t<\/div>\n\t\t\t\t<\/div>\n\t\t\t\t<\/div>\n\t\t\t\t<\/div>\n\t\t<div class=\"elementor-element elementor-element-5ad2f19a e-con-full e-flex e-con e-child\" data-id=\"5ad2f19a\" data-element_type=\"container\">\n\t\t<div class=\"elementor-element elementor-element-41b22d2f e-con-full light e-flex e-con e-child\" data-id=\"41b22d2f\" data-element_type=\"container\">\n\t\t<div class=\"elementor-element elementor-element-e6d17f8 e-con-full e-flex e-con e-child\" data-id=\"e6d17f8\" data-element_type=\"container\">\n\t\t\t\t<div class=\"elementor-element elementor-element-33088d49 elementor-widget__width-initial elementor-widget elementor-widget-image\" data-id=\"33088d49\" data-element_type=\"widget\" data-widget_type=\"image.default\">\n\t\t\t\t<div class=\"elementor-widget-container\">\n\t\t\t\t\t\t\t\t\t\t\t\t\t\t\t<img decoding=\"async\" src=\"https:\/\/dyvigbro.dk\/wp-content\/uploads\/elementor\/thumbs\/banner1_32-rdbuo9ww1dgp2hz2lrhc2okslfxfp1cpxbgn2nf40g.jpg\" title=\"banner1_32\" alt=\"banner1_32\" loading=\"lazy\" \/>\t\t\t\t\t\t\t\t\t\t\t\t\t\t\t<\/div>\n\t\t\t\t<\/div>\n\t\t\t\t<div class=\"elementor-element elementor-element-3c9e8661 elementor-widget elementor-widget-text-editor\" data-id=\"3c9e8661\" data-element_type=\"widget\" data-widget_type=\"text-editor.default\">\n\t\t\t\t<div class=\"elementor-widget-container\">\n\t\t\t\t\t\t\t\t\t<h3>Wir sind bereit zu helfen \u2013 das ganze Jahr \u00fcber.<\/h3><p>Bei <strong data-start=\"409\" data-end=\"422\">Dyvig Bro<\/strong> sch\u00e4tzen wir den guten Kontakt zu unseren G\u00e4sten. Ob Sie einen Besuch planen, Fragen zu Liegepl\u00e4tzen, Unterk\u00fcnften oder Einrichtungen haben oder einfach nur etwas mehr \u00fcber den Hafen erfahren m\u00f6chten, wir freuen uns auf den Austausch mit Ihnen.<\/p>\t\t\t\t\t\t\t\t<\/div>\n\t\t\t\t<\/div>\n\t\t\t\t<\/div>\n\t\t\t\t<div class=\"elementor-element elementor-element-d11f199 elementor-widget elementor-widget-shortcode\" data-id=\"d11f199\" data-element_type=\"widget\" data-widget_type=\"shortcode.default\">\n\t\t\t\t<div class=\"elementor-widget-container\">\n\t\t\t\t\t\t\t<div class=\"elementor-shortcode\"><form id=\"forminator-module-10605\" class=\"forminator-custom-form forminator-custom-form-10605\" method=\"post\" data-forminator-render=\"0\" data-uid=\"69f2baed8d528\"><div role=\"alert\" aria-live=\"polite\" class=\"forminator-response-message forminator-error\" aria-hidden=\"true\"><\/div><\/form><\/div>\n\t\t\t\t\t\t<\/div>\n\t\t\t\t<\/div>\n\t\t\t\t<\/div>\n\t\t\t\t<\/div>\n\t\t\t\t<\/div>\n\t\t\t\t\t<\/div>\n\t\t\t\t<\/div>\n\t\t\t\t<\/div>\n\t\t","protected":false},"excerpt":{"rendered":"<p>Haben Sie Fragen oder Anmerkungen? Kontaktieren Sie uns noch heute, um mehr dar\u00fcber zu erfahren, was wir f\u00fcr Sie tun k\u00f6nnen.<\/p>\n","protected":false},"author":1,"featured_media":0,"parent":0,"menu_order":0,"comment_status":"closed","ping_status":"closed","template":"","meta":{"_acf_changed":false,"footnotes":""},"categories":[],"class_list":["post-10563","page","type-page","status-publish"],"acf":[],"yoast_head":"<!-- This site is optimized with the Yoast SEO plugin v27.4 - https:\/\/yoast.com\/product\/yoast-seo-wordpress\/ -->\n<title>Kontaktieren Sie Dyvig Bro \u2013 den freundlichsten Hafen in S\u00fcdj\u00fctland<\/title>\n<meta name=\"robots\" content=\"index, follow, max-snippet:-1, max-image-preview:large, max-video-preview:-1\" \/>\n<link rel=\"canonical\" href=\"https:\/\/dyvigbro.dk\/de\/kontakt\/\" \/>\n<meta property=\"og:locale\" content=\"de_DE\" \/>\n<meta property=\"og:type\" content=\"article\" \/>\n<meta property=\"og:title\" content=\"Kontaktieren Sie Dyvig Bro \u2013 den freundlichsten Hafen in S\u00fcdj\u00fctland\" \/>\n<meta property=\"og:description\" content=\"Haben Sie Fragen oder Anmerkungen? Kontaktieren Sie uns noch heute, um mehr dar\u00fcber zu erfahren, was wir f\u00fcr Sie tun k\u00f6nnen.\" \/>\n<meta property=\"og:url\" content=\"https:\/\/dyvigbro.dk\/de\/kontakt\/\" \/>\n<meta property=\"og:site_name\" content=\"Dyvig Bro\" \/>\n<meta property=\"article:modified_time\" content=\"2026-01-03T16:57:51+00:00\" \/>\n<meta property=\"og:image\" content=\"https:\/\/dyvigbro.dk\/wp-content\/uploads\/2025\/10\/banner1_32-250x250.jpg\" \/>\n<meta name=\"twitter:card\" content=\"summary_large_image\" \/>\n<meta name=\"twitter:label1\" content=\"Gesch\u00e4tzte Lesezeit\" \/>\n\t<meta name=\"twitter:data1\" content=\"1\u00a0Minute\" \/>\n<script type=\"application\/ld+json\" class=\"yoast-schema-graph\">{\"@context\":\"https:\\\/\\\/schema.org\",\"@graph\":[{\"@type\":\"WebPage\",\"@id\":\"https:\\\/\\\/dyvigbro.dk\\\/de\\\/kontakt\\\/\",\"url\":\"https:\\\/\\\/dyvigbro.dk\\\/de\\\/kontakt\\\/\",\"name\":\"Kontaktieren Sie Dyvig Bro \u2013 den freundlichsten Hafen in S\u00fcdj\u00fctland\",\"isPartOf\":{\"@id\":\"https:\\\/\\\/dyvigbro.dk\\\/de\\\/#website\"},\"primaryImageOfPage\":{\"@id\":\"https:\\\/\\\/dyvigbro.dk\\\/de\\\/kontakt\\\/#primaryimage\"},\"image\":{\"@id\":\"https:\\\/\\\/dyvigbro.dk\\\/de\\\/kontakt\\\/#primaryimage\"},\"thumbnailUrl\":\"https:\\\/\\\/dyvigbro.dk\\\/wp-content\\\/uploads\\\/2025\\\/10\\\/banner1_32-250x250.jpg\",\"datePublished\":\"2020-02-12T12:11:38+00:00\",\"dateModified\":\"2026-01-03T16:57:51+00:00\",\"breadcrumb\":{\"@id\":\"https:\\\/\\\/dyvigbro.dk\\\/de\\\/kontakt\\\/#breadcrumb\"},\"inLanguage\":\"de\",\"potentialAction\":[{\"@type\":\"ReadAction\",\"target\":[\"https:\\\/\\\/dyvigbro.dk\\\/de\\\/kontakt\\\/\"]}]},{\"@type\":\"ImageObject\",\"inLanguage\":\"de\",\"@id\":\"https:\\\/\\\/dyvigbro.dk\\\/de\\\/kontakt\\\/#primaryimage\",\"url\":\"https:\\\/\\\/dyvigbro.dk\\\/wp-content\\\/uploads\\\/2025\\\/10\\\/banner1_32-250x250.jpg\",\"contentUrl\":\"https:\\\/\\\/dyvigbro.dk\\\/wp-content\\\/uploads\\\/2025\\\/10\\\/banner1_32-250x250.jpg\"},{\"@type\":\"BreadcrumbList\",\"@id\":\"https:\\\/\\\/dyvigbro.dk\\\/de\\\/kontakt\\\/#breadcrumb\",\"itemListElement\":[{\"@type\":\"ListItem\",\"position\":1,\"name\":\"Forside\",\"item\":\"https:\\\/\\\/dyvigbro.dk\\\/de\\\/front\\\/\"},{\"@type\":\"ListItem\",\"position\":2,\"name\":\"Kontakt\"}]},{\"@type\":\"WebSite\",\"@id\":\"https:\\\/\\\/dyvigbro.dk\\\/de\\\/#website\",\"url\":\"https:\\\/\\\/dyvigbro.dk\\\/de\\\/\",\"name\":\"Dyvig Bro\",\"description\":\"Dyvig Bro\",\"publisher\":{\"@id\":\"https:\\\/\\\/dyvigbro.dk\\\/de\\\/#organization\"},\"potentialAction\":[{\"@type\":\"SearchAction\",\"target\":{\"@type\":\"EntryPoint\",\"urlTemplate\":\"https:\\\/\\\/dyvigbro.dk\\\/de\\\/?s={search_term_string}\"},\"query-input\":{\"@type\":\"PropertyValueSpecification\",\"valueRequired\":true,\"valueName\":\"search_term_string\"}}],\"inLanguage\":\"de\"},{\"@type\":\"Organization\",\"@id\":\"https:\\\/\\\/dyvigbro.dk\\\/de\\\/#organization\",\"name\":\"Dyvig Bro\",\"url\":\"https:\\\/\\\/dyvigbro.dk\\\/de\\\/\",\"logo\":{\"@type\":\"ImageObject\",\"inLanguage\":\"de\",\"@id\":\"https:\\\/\\\/dyvigbro.dk\\\/de\\\/#\\\/schema\\\/logo\\\/image\\\/\",\"url\":\"https:\\\/\\\/dyvigbro.dk\\\/wp-content\\\/uploads\\\/2025\\\/10\\\/logo-guld-1.png\",\"contentUrl\":\"https:\\\/\\\/dyvigbro.dk\\\/wp-content\\\/uploads\\\/2025\\\/10\\\/logo-guld-1.png\",\"width\":250,\"height\":102,\"caption\":\"Dyvig Bro\"},\"image\":{\"@id\":\"https:\\\/\\\/dyvigbro.dk\\\/de\\\/#\\\/schema\\\/logo\\\/image\\\/\"}}]}<\/script>\n<!-- \/ Yoast SEO plugin. -->","yoast_head_json":{"title":"Kontaktieren Sie Dyvig Bro \u2013 den freundlichsten Hafen in S\u00fcdj\u00fctland","robots":{"index":"index","follow":"follow","max-snippet":"max-snippet:-1","max-image-preview":"max-image-preview:large","max-video-preview":"max-video-preview:-1"},"canonical":"https:\/\/dyvigbro.dk\/de\/kontakt\/","og_locale":"de_DE","og_type":"article","og_title":"Kontaktieren Sie Dyvig Bro \u2013 den freundlichsten Hafen in S\u00fcdj\u00fctland","og_description":"Haben Sie Fragen oder Anmerkungen? Kontaktieren Sie uns noch heute, um mehr dar\u00fcber zu erfahren, was wir f\u00fcr Sie tun k\u00f6nnen.","og_url":"https:\/\/dyvigbro.dk\/de\/kontakt\/","og_site_name":"Dyvig Bro","article_modified_time":"2026-01-03T16:57:51+00:00","og_image":[{"url":"https:\/\/dyvigbro.dk\/wp-content\/uploads\/2025\/10\/banner1_32-250x250.jpg","type":"","width":"","height":""}],"twitter_card":"summary_large_image","twitter_misc":{"Gesch\u00e4tzte Lesezeit":"1\u00a0Minute"},"schema":{"@context":"https:\/\/schema.org","@graph":[{"@type":"WebPage","@id":"https:\/\/dyvigbro.dk\/de\/kontakt\/","url":"https:\/\/dyvigbro.dk\/de\/kontakt\/","name":"Kontaktieren Sie Dyvig Bro \u2013 den freundlichsten Hafen in S\u00fcdj\u00fctland","isPartOf":{"@id":"https:\/\/dyvigbro.dk\/de\/#website"},"primaryImageOfPage":{"@id":"https:\/\/dyvigbro.dk\/de\/kontakt\/#primaryimage"},"image":{"@id":"https:\/\/dyvigbro.dk\/de\/kontakt\/#primaryimage"},"thumbnailUrl":"https:\/\/dyvigbro.dk\/wp-content\/uploads\/2025\/10\/banner1_32-250x250.jpg","datePublished":"2020-02-12T12:11:38+00:00","dateModified":"2026-01-03T16:57:51+00:00","breadcrumb":{"@id":"https:\/\/dyvigbro.dk\/de\/kontakt\/#breadcrumb"},"inLanguage":"de","potentialAction":[{"@type":"ReadAction","target":["https:\/\/dyvigbro.dk\/de\/kontakt\/"]}]},{"@type":"ImageObject","inLanguage":"de","@id":"https:\/\/dyvigbro.dk\/de\/kontakt\/#primaryimage","url":"https:\/\/dyvigbro.dk\/wp-content\/uploads\/2025\/10\/banner1_32-250x250.jpg","contentUrl":"https:\/\/dyvigbro.dk\/wp-content\/uploads\/2025\/10\/banner1_32-250x250.jpg"},{"@type":"BreadcrumbList","@id":"https:\/\/dyvigbro.dk\/de\/kontakt\/#breadcrumb","itemListElement":[{"@type":"ListItem","position":1,"name":"Forside","item":"https:\/\/dyvigbro.dk\/de\/front\/"},{"@type":"ListItem","position":2,"name":"Kontakt"}]},{"@type":"WebSite","@id":"https:\/\/dyvigbro.dk\/de\/#website","url":"https:\/\/dyvigbro.dk\/de\/","name":"Dyvig Bro","description":"Dyvig Bro","publisher":{"@id":"https:\/\/dyvigbro.dk\/de\/#organization"},"potentialAction":[{"@type":"SearchAction","target":{"@type":"EntryPoint","urlTemplate":"https:\/\/dyvigbro.dk\/de\/?s={search_term_string}"},"query-input":{"@type":"PropertyValueSpecification","valueRequired":true,"valueName":"search_term_string"}}],"inLanguage":"de"},{"@type":"Organization","@id":"https:\/\/dyvigbro.dk\/de\/#organization","name":"Dyvig Bro","url":"https:\/\/dyvigbro.dk\/de\/","logo":{"@type":"ImageObject","inLanguage":"de","@id":"https:\/\/dyvigbro.dk\/de\/#\/schema\/logo\/image\/","url":"https:\/\/dyvigbro.dk\/wp-content\/uploads\/2025\/10\/logo-guld-1.png","contentUrl":"https:\/\/dyvigbro.dk\/wp-content\/uploads\/2025\/10\/logo-guld-1.png","width":250,"height":102,"caption":"Dyvig Bro"},"image":{"@id":"https:\/\/dyvigbro.dk\/de\/#\/schema\/logo\/image\/"}}]}},"_links":{"self":[{"href":"https:\/\/dyvigbro.dk\/de\/wp-json\/wp\/v2\/pages\/10563","targetHints":{"allow":["GET"]}}],"collection":[{"href":"https:\/\/dyvigbro.dk\/de\/wp-json\/wp\/v2\/pages"}],"about":[{"href":"https:\/\/dyvigbro.dk\/de\/wp-json\/wp\/v2\/types\/page"}],"author":[{"embeddable":true,"href":"https:\/\/dyvigbro.dk\/de\/wp-json\/wp\/v2\/users\/1"}],"replies":[{"embeddable":true,"href":"https:\/\/dyvigbro.dk\/de\/wp-json\/wp\/v2\/comments?post=10563"}],"version-history":[{"count":4,"href":"https:\/\/dyvigbro.dk\/de\/wp-json\/wp\/v2\/pages\/10563\/revisions"}],"predecessor-version":[{"id":10628,"href":"https:\/\/dyvigbro.dk\/de\/wp-json\/wp\/v2\/pages\/10563\/revisions\/10628"}],"wp:attachment":[{"href":"https:\/\/dyvigbro.dk\/de\/wp-json\/wp\/v2\/media?parent=10563"}],"wp:term":[{"taxonomy":"category","embeddable":true,"href":"https:\/\/dyvigbro.dk\/de\/wp-json\/wp\/v2\/categories?post=10563"}],"curies":[{"name":"wp","href":"https:\/\/api.w.org\/{rel}","templated":true}]}}